{"id":11,"date":"2025-05-12T11:46:00","date_gmt":"2025-05-12T09:46:00","guid":{"rendered":"https:\/\/physio-in-gold.ch\/?page_id=11"},"modified":"2025-05-26T09:31:56","modified_gmt":"2025-05-26T07:31:56","slug":"physiotherapie-staefa-kehlhof","status":"publish","type":"page","link":"https:\/\/physio-in-gold.ch\/","title":{"rendered":"Startseite"},"content":{"rendered":"","protected":false},"excerpt":{"rendered":"","protected":false},"author":1,"featured_media":0,"parent":0,"menu_order":0,"comment_status":"closed","ping_status":"closed","template":"","meta":{"footnotes":""},"class_list":["post-11","page","type-page","status-publish","hentry"],"yoast_head":"<!-- This site is optimized with the Yoast SEO plugin v27.5 - https:\/\/yoast.com\/product\/yoast-seo-wordpress\/ -->\n<title>Startseite - Physio In Gold<\/title>\n<meta name=\"description\" content=\"Physiotherapie St\u00e4fa-Kehlhof - individuelle Therapiepl\u00e4ne f\u00fcr Manuelle Therapie, Bewegungs\u00fcbungen und Rehabilitation nach Verletzungen\" \/>\n<meta name=\"robots\" content=\"index, follow, max-snippet:-1, max-image-preview:large, max-video-preview:-1\" \/>\n<link rel=\"canonical\" href=\"https:\/\/physio-in-gold.ch\/\" \/>\n<meta property=\"og:locale\" content=\"de_DE\" \/>\n<meta property=\"og:type\" content=\"article\" \/>\n<meta property=\"og:title\" content=\"Startseite - Physio In Gold\" \/>\n<meta property=\"og:description\" content=\"Physiotherapie St\u00e4fa-Kehlhof - individuelle Therapiepl\u00e4ne f\u00fcr Manuelle Therapie, Bewegungs\u00fcbungen und Rehabilitation nach Verletzungen\" \/>\n<meta property=\"og:url\" content=\"https:\/\/physio-in-gold.ch\/\" \/>\n<meta property=\"og:site_name\" content=\"Physio In Gold\" \/>\n<meta property=\"article:modified_time\" content=\"2025-05-26T07:31:56+00:00\" \/>\n<meta property=\"og:image\" content=\"https:\/\/physio-in-gold.ch\/wp-content\/uploads\/2025\/05\/Physio-In-Gold.jpg\" \/>\n\t<meta property=\"og:image:width\" content=\"1200\" \/>\n\t<meta property=\"og:image:height\" content=\"675\" \/>\n\t<meta property=\"og:image:type\" content=\"image\/jpeg\" \/>\n<meta name=\"twitter:card\" content=\"summary_large_image\" \/>\n<script type=\"application\/ld+json\" class=\"yoast-schema-graph\">{\"@context\":\"https:\\\/\\\/schema.org\",\"@graph\":[{\"@type\":\"WebPage\",\"@id\":\"https:\\\/\\\/physio-in-gold.ch\\\/\",\"url\":\"https:\\\/\\\/physio-in-gold.ch\\\/\",\"name\":\"Startseite - Physio In Gold\",\"isPartOf\":{\"@id\":\"https:\\\/\\\/physio-in-gold.ch\\\/#website\"},\"datePublished\":\"2025-05-12T09:46:00+00:00\",\"dateModified\":\"2025-05-26T07:31:56+00:00\",\"description\":\"Physiotherapie St\u00e4fa-Kehlhof - individuelle Therapiepl\u00e4ne f\u00fcr Manuelle Therapie, Bewegungs\u00fcbungen und Rehabilitation nach Verletzungen\",\"breadcrumb\":{\"@id\":\"https:\\\/\\\/physio-in-gold.ch\\\/#breadcrumb\"},\"inLanguage\":\"de\",\"potentialAction\":[{\"@type\":\"ReadAction\",\"target\":[\"https:\\\/\\\/physio-in-gold.ch\\\/\"]}]},{\"@type\":\"BreadcrumbList\",\"@id\":\"https:\\\/\\\/physio-in-gold.ch\\\/#breadcrumb\",\"itemListElement\":[{\"@type\":\"ListItem\",\"position\":1,\"name\":\"Startseite\",\"item\":\"https:\\\/\\\/physio-in-gold.ch\\\/\"},{\"@type\":\"ListItem\",\"position\":2,\"name\":\"Startseite\"}]},{\"@type\":\"WebSite\",\"@id\":\"https:\\\/\\\/physio-in-gold.ch\\\/#website\",\"url\":\"https:\\\/\\\/physio-in-gold.ch\\\/\",\"name\":\"Physio In Gold\",\"description\":\"Physiotherapie St\u00e4fa-Kehlhof\",\"potentialAction\":[{\"@type\":\"SearchAction\",\"target\":{\"@type\":\"EntryPoint\",\"urlTemplate\":\"https:\\\/\\\/physio-in-gold.ch\\\/?s={search_term_string}\"},\"query-input\":{\"@type\":\"PropertyValueSpecification\",\"valueRequired\":true,\"valueName\":\"search_term_string\"}}],\"inLanguage\":\"de\"}]}<\/script>\n<!-- \/ Yoast SEO plugin. -->","yoast_head_json":{"title":"Startseite - Physio In Gold","description":"Physiotherapie St\u00e4fa-Kehlhof - individuelle Therapiepl\u00e4ne f\u00fcr Manuelle Therapie, Bewegungs\u00fcbungen und Rehabilitation nach Verletzungen","robots":{"index":"index","follow":"follow","max-snippet":"max-snippet:-1","max-image-preview":"max-image-preview:large","max-video-preview":"max-video-preview:-1"},"canonical":"https:\/\/physio-in-gold.ch\/","og_locale":"de_DE","og_type":"article","og_title":"Startseite - Physio In Gold","og_description":"Physiotherapie St\u00e4fa-Kehlhof - individuelle Therapiepl\u00e4ne f\u00fcr Manuelle Therapie, Bewegungs\u00fcbungen und Rehabilitation nach Verletzungen","og_url":"https:\/\/physio-in-gold.ch\/","og_site_name":"Physio In Gold","article_modified_time":"2025-05-26T07:31:56+00:00","og_image":[{"width":1200,"height":675,"url":"https:\/\/physio-in-gold.ch\/wp-content\/uploads\/2025\/05\/Physio-In-Gold.jpg","type":"image\/jpeg"}],"twitter_card":"summary_large_image","schema":{"@context":"https:\/\/schema.org","@graph":[{"@type":"WebPage","@id":"https:\/\/physio-in-gold.ch\/","url":"https:\/\/physio-in-gold.ch\/","name":"Startseite - Physio In Gold","isPartOf":{"@id":"https:\/\/physio-in-gold.ch\/#website"},"datePublished":"2025-05-12T09:46:00+00:00","dateModified":"2025-05-26T07:31:56+00:00","description":"Physiotherapie St\u00e4fa-Kehlhof - individuelle Therapiepl\u00e4ne f\u00fcr Manuelle Therapie, Bewegungs\u00fcbungen und Rehabilitation nach Verletzungen","breadcrumb":{"@id":"https:\/\/physio-in-gold.ch\/#breadcrumb"},"inLanguage":"de","potentialAction":[{"@type":"ReadAction","target":["https:\/\/physio-in-gold.ch\/"]}]},{"@type":"BreadcrumbList","@id":"https:\/\/physio-in-gold.ch\/#breadcrumb","itemListElement":[{"@type":"ListItem","position":1,"name":"Startseite","item":"https:\/\/physio-in-gold.ch\/"},{"@type":"ListItem","position":2,"name":"Startseite"}]},{"@type":"WebSite","@id":"https:\/\/physio-in-gold.ch\/#website","url":"https:\/\/physio-in-gold.ch\/","name":"Physio In Gold","description":"Physiotherapie St\u00e4fa-Kehlhof","potentialAction":[{"@type":"SearchAction","target":{"@type":"EntryPoint","urlTemplate":"https:\/\/physio-in-gold.ch\/?s={search_term_string}"},"query-input":{"@type":"PropertyValueSpecification","valueRequired":true,"valueName":"search_term_string"}}],"inLanguage":"de"}]}},"_links":{"self":[{"href":"https:\/\/physio-in-gold.ch\/index.php\/wp-json\/wp\/v2\/pages\/11","targetHints":{"allow":["GET"]}}],"collection":[{"href":"https:\/\/physio-in-gold.ch\/index.php\/wp-json\/wp\/v2\/pages"}],"about":[{"href":"https:\/\/physio-in-gold.ch\/index.php\/wp-json\/wp\/v2\/types\/page"}],"author":[{"embeddable":true,"href":"https:\/\/physio-in-gold.ch\/index.php\/wp-json\/wp\/v2\/users\/1"}],"replies":[{"embeddable":true,"href":"https:\/\/physio-in-gold.ch\/index.php\/wp-json\/wp\/v2\/comments?post=11"}],"version-history":[{"count":1,"href":"https:\/\/physio-in-gold.ch\/index.php\/wp-json\/wp\/v2\/pages\/11\/revisions"}],"predecessor-version":[{"id":12,"href":"https:\/\/physio-in-gold.ch\/index.php\/wp-json\/wp\/v2\/pages\/11\/revisions\/12"}],"wp:attachment":[{"href":"https:\/\/physio-in-gold.ch\/index.php\/wp-json\/wp\/v2\/media?parent=11"}],"curies":[{"name":"wp","href":"https:\/\/api.w.org\/{rel}","templated":true}]}}